{"id":1349,"date":"2024-03-13T16:17:38","date_gmt":"2024-03-13T16:17:38","guid":{"rendered":"https:\/\/kdana.cl\/?post_type=product&#038;p=1349"},"modified":"2024-03-31T22:59:21","modified_gmt":"2024-03-31T22:59:21","slug":"tratamiento-reductivo-multipolar","status":"publish","type":"product","link":"https:\/\/kdana.cl\/index.php\/producto\/tratamiento-reductivo-multipolar\/","title":{"rendered":"Tratamiento Reductivo con Radiofrecuencia"},"content":{"rendered":"<p><b>Consiste en la aplicaci\u00f3n de ondas electromagn\u00e9ticas de alta frecuencia sobre la piel, que provoca el calentamiento controlado de las diferentes capas de la dermis.\u00a0<\/b><\/p>\n<p>&nbsp;<\/p>\n<p><b>Beneficios<\/b><\/p>\n<ul>\n<li aria-level=\"1\"><b>Reducci\u00f3n de grasa difusa y localizada.<\/b><\/li>\n<\/ul>\n<ul>\n<li aria-level=\"1\"><b>Mejora el tono y la elasticidad del tejido.<\/b><\/li>\n<\/ul>\n<ul>\n<li aria-level=\"1\"><b>Reducci\u00f3n de celulitis (piel de naranja)\u00a0<\/b><\/li>\n<\/ul>\n<ul>\n<li aria-level=\"1\"><b>Reducci\u00f3n flacidez<\/b><\/li>\n<\/ul>\n<ul>\n<li aria-level=\"1\"><b>Remodelaci\u00f3n corporal<\/b><\/li>\n<\/ul>\n<ul>\n<li aria-level=\"1\"><b>Drenaje linf\u00e1tico<\/b><\/li>\n<\/ul>\n<p><b><i>** Se recomiendan de 6 a 10 sesiones<\/i><\/b><\/p>\n<p><b><i>** Duraci\u00f3n 60 minutos<\/i><\/b><\/p>\n<p><b><i>** I<\/i><\/b><b><i>ntervalo de sesiones entre 7 a 15 d\u00edas.\u00a0<\/i><\/b><\/p>\n<p><b><i>** Dirigido a todo p\u00fablico que desea moldear su figura.<\/i><\/b><\/p>\n<p><b>Experimenta los cambios en <\/b><b>remodelaci\u00f3n corporal con nuestros tratamientos dise\u00f1ados para esculpir tu figura de manera no invasiva. Procedimientos que te ayudar\u00e1 a obtener resultados\u00a0 sin cirug\u00edas.\u00a0<\/b><\/p>\n<p><b>*Desde $149.900 las 6 sesiones (1 zona corporal)<\/b><\/p>\n<p><b>Zonas\u00a0 a elecci\u00f3n: Abdomen, flancos, rollo de sost\u00e9n (subescapular) brazos, muslo anterior, muslo posterior.<\/b><\/p>\n","protected":false},"excerpt":{"rendered":"<div class=\"flex-1 overflow-hidden\">\n<div class=\"react-scroll-to-bottom--css-zswmw-79elbk h-full\">\n<div class=\"react-scroll-to-bottom--css-zswmw-1n7m0yu\">\n<div class=\"flex flex-col text-sm pb-9\">\n<div class=\"w-full text-token-text-primary\" data-testid=\"conversation-turn-3\">\n<div class=\"px-4 py-2 justify-center text-base md:gap-6 m-auto\">\n<div class=\"flex flex-1 text-base mx-auto gap-3 md:px-5 lg:px-1 xl:px-5 md:max-w-3xl lg:max-w-[40rem] xl:max-w-[48rem] group final-completion\">\n<div class=\"relative flex w-full flex-col agent-turn\">\n<div class=\"flex-col gap-1 md:gap-3\">\n<div class=\"flex flex-grow flex-col max-w-full\">\n<div class=\"min-h-[20px] text-message flex flex-col items-start gap-3 whitespace-pre-wrap break-words [.text-message+&amp;]:mt-5 overflow-x-auto\" data-message-author-role=\"assistant\" data-message-id=\"020aa799-f263-4a88-87f0-ccea9930c9be\">\u00a0<span style=\"font-size: 16px;\">Define tu figura y reduce la celulitis con nuestro innovador tratamiento reductor. Combina la tecnolog\u00eda de radiofrecuencia con resultados visibles desde las primeras sesiones.<\/span><\/div>\n<\/div>\n<div class=\"mt-1 flex justify-start gap-3 empty:hidden\">\n<div class=\"text-gray-400 flex self-end lg:self-center items-center justify-center lg:justify-start mt-0 -ml-1 h-7 gap-[2px] visible\">\n<p>\u00a1D\u00e9janos cuidar de ti y descubre el poder de la belleza y el bienestar en nuestras manos expertas!<\/p>\n<div class=\"flex\"><\/div>\n<\/div>\n<\/div>\n<div class=\"pr-2 lg:pr-0\"><\/div>\n<\/div>\n<\/div>\n<\/div>\n<\/div>\n<\/div>\n<\/div>\n<\/div>\n<\/div>\n<\/div>\n<div class=\"w-full pt-2 md:pt-0 dark:border-white\/20 md:border-transparent md:dark:border-transparent md:w-[calc(100%-.5rem)]\">\n<form class=\"stretch mx-2 flex flex-row gap-3 last:mb-2 md:mx-4 md:last:mb-6 lg:mx-auto lg:max-w-2xl xl:max-w-3xl\">\n<div class=\"relative flex h-full flex-1 flex-col\">\n<div class=\"absolute bottom-full left-0 right-0\"><\/div>\n<div class=\"flex w-full items-center\"><\/div>\n<\/div>\n<\/form>\n<\/div>\n","protected":false},"featured_media":1767,"comment_status":"open","ping_status":"closed","template":"","meta":{"site-sidebar-layout":"default","site-content-layout":"default","ast-global-header-display":"","ast-banner-title-visibility":"","ast-main-header-display":"","ast-hfb-above-header-display":"","ast-hfb-below-header-display":"","ast-hfb-mobile-header-display":"","site-post-title":"","ast-breadcrumbs-content":"","ast-featured-img":"","footer-sml-layout":"","theme-transparent-header-meta":"default","adv-header-id-meta":"","stick-header-meta":"","header-above-stick-meta":"","header-main-stick-meta":"","header-below-stick-meta":"","_joinchat":[]},"product_cat":[20],"product_tag":[],"class_list":{"0":"post-1349","1":"product","2":"type-product","3":"status-publish","4":"has-post-thumbnail","6":"product_cat-sin-categorizar","7":"desktop-align-left","8":"tablet-align-left","9":"mobile-align-left","11":"first","12":"instock","13":"sale","14":"shipping-taxable","15":"purchasable","16":"product-type-simple"},"_links":{"self":[{"href":"https:\/\/kdana.cl\/index.php\/wp-json\/wp\/v2\/product\/1349","targetHints":{"allow":["GET"]}}],"collection":[{"href":"https:\/\/kdana.cl\/index.php\/wp-json\/wp\/v2\/product"}],"about":[{"href":"https:\/\/kdana.cl\/index.php\/wp-json\/wp\/v2\/types\/product"}],"replies":[{"embeddable":true,"href":"https:\/\/kdana.cl\/index.php\/wp-json\/wp\/v2\/comments?post=1349"}],"wp:featuredmedia":[{"embeddable":true,"href":"https:\/\/kdana.cl\/index.php\/wp-json\/wp\/v2\/media\/1767"}],"wp:attachment":[{"href":"https:\/\/kdana.cl\/index.php\/wp-json\/wp\/v2\/media?parent=1349"}],"wp:term":[{"taxonomy":"product_cat","embeddable":true,"href":"https:\/\/kdana.cl\/index.php\/wp-json\/wp\/v2\/product_cat?post=1349"},{"taxonomy":"product_tag","embeddable":true,"href":"https:\/\/kdana.cl\/index.php\/wp-json\/wp\/v2\/product_tag?post=1349"}],"curies":[{"name":"wp","href":"https:\/\/api.w.org\/{rel}","templated":true}]}}