{"id":1495,"date":"2024-03-25T00:24:55","date_gmt":"2024-03-25T00:24:55","guid":{"rendered":"https:\/\/kdana.cl\/?post_type=product&#038;p=1495"},"modified":"2024-03-31T22:57:45","modified_gmt":"2024-03-31T22:57:45","slug":"drenaje-linfatico-post-quirurgicos-desde","status":"publish","type":"product","link":"https:\/\/kdana.cl\/index.php\/producto\/drenaje-linfatico-post-quirurgicos-desde\/","title":{"rendered":"Drenaje Linf\u00e1tico"},"content":{"rendered":"<p><b>Conf\u00eda en nuestro equipo de profesionales\u00a0 para tu recuperaci\u00f3n post operatoria.\u00a0<\/b><\/p>\n<p><b>Contamos con Kinesi\u00f3logas especialistas en rehabilitaci\u00f3n de cirug\u00edas pl\u00e1sticas que\u00a0 te brindar\u00e1n el apoyo necesario para optimizar los resultados de una intervenci\u00f3n quir\u00fargica.\u00a0<\/b><\/p>\n<p>&nbsp;<\/p>\n<p><b>En KDANA, cuidamos de ti en cada etapa.<\/b><\/p>\n<p><b>Beneficios:<\/b><\/p>\n<ul>\n<li aria-level=\"1\"><b>Reducci\u00f3n del tiempo de recuperaci\u00f3n.<\/b><\/li>\n<\/ul>\n<ul>\n<li aria-level=\"1\"><b>Disminuye\u00a0 inflamaci\u00f3n y hematomas<\/b><\/li>\n<\/ul>\n<ul>\n<li aria-level=\"1\"><b>Apoyo integral para una transformaci\u00f3n exitosa.<\/b><\/li>\n<\/ul>\n<ul>\n<li aria-level=\"1\"><b>Seguimiento continuo en cada proceso.<\/b><\/li>\n<\/ul>\n<p><b>Desde $249.900 pack de 6 sesiones\u00a0 2 o 3 veces por semana<\/b><\/p>\n<p><b>Duraci\u00f3n\u00a0 60 a 90 minutos\u00a0<\/b><\/p>\n","protected":false},"excerpt":{"rendered":"<p><b style=\"font-style: inherit;\">Estimula el sistema linf\u00e1tico y elimina toxinas con nuestro tratamiento de drenaje linf\u00e1tico. Aliviamos la hinchaz\u00f3n, mejoramos la circulaci\u00f3n y promovemos la salud general de tu cuerpo. Descubre c\u00f3mo esta terapia suave pero efectiva puede transformar tu bienestar..\u00a0<\/b><\/p>\n","protected":false},"featured_media":1769,"comment_status":"open","ping_status":"closed","template":"","meta":{"site-sidebar-layout":"default","site-content-layout":"default","ast-global-header-display":"","ast-banner-title-visibility":"","ast-main-header-display":"","ast-hfb-above-header-display":"","ast-hfb-below-header-display":"","ast-hfb-mobile-header-display":"","site-post-title":"","ast-breadcrumbs-content":"","ast-featured-img":"","footer-sml-layout":"","theme-transparent-header-meta":"default","adv-header-id-meta":"","stick-header-meta":"","header-above-stick-meta":"","header-main-stick-meta":"","header-below-stick-meta":"","_joinchat":[]},"product_cat":[20],"product_tag":[],"class_list":{"0":"post-1495","1":"product","2":"type-product","3":"status-publish","4":"has-post-thumbnail","6":"product_cat-sin-categorizar","7":"desktop-align-left","8":"tablet-align-left","9":"mobile-align-left","11":"first","12":"instock","13":"sale","14":"shipping-taxable","15":"purchasable","16":"product-type-simple"},"_links":{"self":[{"href":"https:\/\/kdana.cl\/index.php\/wp-json\/wp\/v2\/product\/1495","targetHints":{"allow":["GET"]}}],"collection":[{"href":"https:\/\/kdana.cl\/index.php\/wp-json\/wp\/v2\/product"}],"about":[{"href":"https:\/\/kdana.cl\/index.php\/wp-json\/wp\/v2\/types\/product"}],"replies":[{"embeddable":true,"href":"https:\/\/kdana.cl\/index.php\/wp-json\/wp\/v2\/comments?post=1495"}],"wp:featuredmedia":[{"embeddable":true,"href":"https:\/\/kdana.cl\/index.php\/wp-json\/wp\/v2\/media\/1769"}],"wp:attachment":[{"href":"https:\/\/kdana.cl\/index.php\/wp-json\/wp\/v2\/media?parent=1495"}],"wp:term":[{"taxonomy":"product_cat","embeddable":true,"href":"https:\/\/kdana.cl\/index.php\/wp-json\/wp\/v2\/product_cat?post=1495"},{"taxonomy":"product_tag","embeddable":true,"href":"https:\/\/kdana.cl\/index.php\/wp-json\/wp\/v2\/product_tag?post=1495"}],"curies":[{"name":"wp","href":"https:\/\/api.w.org\/{rel}","templated":true}]}}