{"id":1499,"date":"2024-03-25T00:49:54","date_gmt":"2024-03-25T00:49:54","guid":{"rendered":"https:\/\/kdana.cl\/?post_type=product&#038;p=1499"},"modified":"2024-05-11T15:28:28","modified_gmt":"2024-05-11T15:28:28","slug":"radiofrecuencia-facial-desde","status":"publish","type":"product","link":"https:\/\/kdana.cl\/index.php\/producto\/radiofrecuencia-facial-desde\/","title":{"rendered":"Radiofrecuencia Facial"},"content":{"rendered":"<p><b>Consiste en la aplicaci\u00f3n de ondas electromagn\u00e9ticas de alta frecuencia sobre la piel, que provoca el calentamiento controlado de las diferentes capas de la epidermis<\/b><b>, logrando una piel luminosa y de aspecto saludable.\u00a0<\/b><\/p>\n<p><b>\u00bfC\u00f3mo funciona?<\/b><\/p>\n<p><b>Logra la estimulaci\u00f3n de\u00a0 nuevas fibras de col\u00e1geno y elastina las cuales generan tensi\u00f3n en la epidermis provocando un efecto lifting.<\/b><\/p>\n<p><b>Con nuestro tratamiento de Radiofrecuencia Facial obtienes m\u00faltiples beneficios; piel m\u00e1s luminosa, disminuye l\u00edneas de expresi\u00f3n, define el contorno, disminuye grasa localizada<\/b><\/p>\n<p><b>Rejuvenece tu rostro sin cirug\u00edas a menor costo y sin recuperaci\u00f3n.<\/b><\/p>\n<p><b>Adem\u00e1s complementamos con MEP (microelectr\u00f3lisis Percut\u00e1nea) aten\u00faa l\u00edneas de expresi\u00f3n sin aplicar botox y sin rellenos.\u00a0<\/b><\/p>\n<p><b>Desde $149.900\u00a0 Pack de 6 sesiones Rostro completo + Papada + 1 zona facial a elecci\u00f3n\u00a0 (MEP)<\/b><b><br \/>\n<\/b><\/p>\n","protected":false},"excerpt":{"rendered":"<p>Recupera la luminosidad y firmeza de tu piel con nuestro rejuvenecimiento facial. Combatiendo los signos del envejecimiento, nuestro tratamiento revitalizante te ayuda a restaurar la vitalidad y el brillo natural de tu rostro. \u00a1Descubre una versi\u00f3n m\u00e1s radiante y rejuvenecida de ti mismo\/a!<\/p>\n","protected":false},"featured_media":1772,"comment_status":"open","ping_status":"closed","template":"","meta":{"site-sidebar-layout":"default","site-content-layout":"default","ast-global-header-display":"","ast-banner-title-visibility":"","ast-main-header-display":"","ast-hfb-above-header-display":"","ast-hfb-below-header-display":"","ast-hfb-mobile-header-display":"","site-post-title":"","ast-breadcrumbs-content":"","ast-featured-img":"","footer-sml-layout":"","theme-transparent-header-meta":"default","adv-header-id-meta":"","stick-header-meta":"","header-above-stick-meta":"","header-main-stick-meta":"","header-below-stick-meta":"","_joinchat":[]},"product_cat":[20],"product_tag":[],"class_list":{"0":"post-1499","1":"product","2":"type-product","3":"status-publish","4":"has-post-thumbnail","6":"product_cat-sin-categorizar","7":"desktop-align-left","8":"tablet-align-left","9":"mobile-align-left","11":"first","12":"instock","13":"sale","14":"shipping-taxable","15":"purchasable","16":"product-type-simple"},"_links":{"self":[{"href":"https:\/\/kdana.cl\/index.php\/wp-json\/wp\/v2\/product\/1499","targetHints":{"allow":["GET"]}}],"collection":[{"href":"https:\/\/kdana.cl\/index.php\/wp-json\/wp\/v2\/product"}],"about":[{"href":"https:\/\/kdana.cl\/index.php\/wp-json\/wp\/v2\/types\/product"}],"replies":[{"embeddable":true,"href":"https:\/\/kdana.cl\/index.php\/wp-json\/wp\/v2\/comments?post=1499"}],"wp:featuredmedia":[{"embeddable":true,"href":"https:\/\/kdana.cl\/index.php\/wp-json\/wp\/v2\/media\/1772"}],"wp:attachment":[{"href":"https:\/\/kdana.cl\/index.php\/wp-json\/wp\/v2\/media?parent=1499"}],"wp:term":[{"taxonomy":"product_cat","embeddable":true,"href":"https:\/\/kdana.cl\/index.php\/wp-json\/wp\/v2\/product_cat?post=1499"},{"taxonomy":"product_tag","embeddable":true,"href":"https:\/\/kdana.cl\/index.php\/wp-json\/wp\/v2\/product_tag?post=1499"}],"curies":[{"name":"wp","href":"https:\/\/api.w.org\/{rel}","templated":true}]}}