{"id":1500,"date":"2024-03-25T00:53:48","date_gmt":"2024-03-25T00:53:48","guid":{"rendered":"https:\/\/kdana.cl\/?post_type=product&#038;p=1500"},"modified":"2024-05-11T15:28:06","modified_gmt":"2024-05-11T15:28:06","slug":"masajes-de-relajacion-desde","status":"publish","type":"product","link":"https:\/\/kdana.cl\/index.php\/producto\/masajes-de-relajacion-desde\/","title":{"rendered":"Masajes de Relajaci\u00f3n"},"content":{"rendered":"<h3><b>Renueva tu Energ\u00eda<\/b><\/h3>\n<p><b>Si est\u00e1s en busca de <\/b><b>tranquilidad y desconexi\u00f3n. Nuestros masajes dise\u00f1ados para liberar tensiones y promover el bienestar f\u00edsico y mental es lo que necesitas.<\/b><\/p>\n<p>&nbsp;<\/p>\n<p><b>Beneficios:<\/b><\/p>\n<ul>\n<li aria-level=\"1\"><b>Reducci\u00f3n de estr\u00e9s<\/b><\/li>\n<\/ul>\n<ul>\n<li aria-level=\"1\"><b>Alivio de tensiones musculares<\/b><\/li>\n<\/ul>\n<ul>\n<li aria-level=\"1\"><b>Sue\u00f1o reparador\u00a0<\/b><\/li>\n<\/ul>\n<p><b>*PROMOCI\u00d3N*<\/b><\/p>\n<p><b>Masaje para dos personas $39.900<\/b><\/p>\n<p><b>Individual $29.900<\/b><\/p>\n<p><b>***Dirigido a todo p\u00fablico<\/b><\/p>\n<p><b>*** Duraci\u00f2n 60 min<\/b><\/p>\n<p><b>*** zonas: Cuello, espalda, brazos, manos, piernas y pies<\/b><\/p>\n<p><b>*REALIZADO POR KINESIOL\u00d3GAS*<\/b><\/p>\n","protected":false},"excerpt":{"rendered":"<p>Sum\u00e9rgete en un oasis de calma y relajaci\u00f3n con nuestros masajes relajantes. Deja atr\u00e1s el estr\u00e9s y la tensi\u00f3n mientras nuestros terapeutas expertos te envuelven en una experiencia de bienestar total. Disfruta de una escapada revitalizante que rejuvenece cuerpo y mente.<\/p>\n","protected":false},"featured_media":1678,"comment_status":"open","ping_status":"closed","template":"","meta":{"site-sidebar-layout":"default","site-content-layout":"default","ast-global-header-display":"","ast-banner-title-visibility":"","ast-main-header-display":"","ast-hfb-above-header-display":"","ast-hfb-below-header-display":"","ast-hfb-mobile-header-display":"","site-post-title":"","ast-breadcrumbs-content":"","ast-featured-img":"","footer-sml-layout":"","theme-transparent-header-meta":"default","adv-header-id-meta":"","stick-header-meta":"","header-above-stick-meta":"","header-main-stick-meta":"","header-below-stick-meta":"","_joinchat":[]},"product_cat":[20],"product_tag":[],"class_list":{"0":"post-1500","1":"product","2":"type-product","3":"status-publish","4":"has-post-thumbnail","6":"product_cat-sin-categorizar","7":"desktop-align-left","8":"tablet-align-left","9":"mobile-align-left","11":"first","12":"instock","13":"sale","14":"shipping-taxable","15":"purchasable","16":"product-type-simple"},"_links":{"self":[{"href":"https:\/\/kdana.cl\/index.php\/wp-json\/wp\/v2\/product\/1500","targetHints":{"allow":["GET"]}}],"collection":[{"href":"https:\/\/kdana.cl\/index.php\/wp-json\/wp\/v2\/product"}],"about":[{"href":"https:\/\/kdana.cl\/index.php\/wp-json\/wp\/v2\/types\/product"}],"replies":[{"embeddable":true,"href":"https:\/\/kdana.cl\/index.php\/wp-json\/wp\/v2\/comments?post=1500"}],"wp:featuredmedia":[{"embeddable":true,"href":"https:\/\/kdana.cl\/index.php\/wp-json\/wp\/v2\/media\/1678"}],"wp:attachment":[{"href":"https:\/\/kdana.cl\/index.php\/wp-json\/wp\/v2\/media?parent=1500"}],"wp:term":[{"taxonomy":"product_cat","embeddable":true,"href":"https:\/\/kdana.cl\/index.php\/wp-json\/wp\/v2\/product_cat?post=1500"},{"taxonomy":"product_tag","embeddable":true,"href":"https:\/\/kdana.cl\/index.php\/wp-json\/wp\/v2\/product_tag?post=1500"}],"curies":[{"name":"wp","href":"https:\/\/api.w.org\/{rel}","templated":true}]}}