{"id":1501,"date":"2024-03-25T00:55:30","date_gmt":"2024-03-25T00:55:30","guid":{"rendered":"https:\/\/kdana.cl\/?post_type=product&#038;p=1501"},"modified":"2024-04-09T16:24:30","modified_gmt":"2024-04-09T16:24:30","slug":"masaje-descontracturante-desde","status":"publish","type":"product","link":"https:\/\/kdana.cl\/index.php\/producto\/masaje-descontracturante-desde\/","title":{"rendered":"Masaje Descontracturante"},"content":{"rendered":"<h3><b>Masaje Descontracturante<\/b><\/h3>\n<p>&nbsp;<\/p>\n<p><span style=\"font-weight: 400;\">Este masaje tiene como objetivo aliviar y disminuir tensi\u00f3n muscular, utilizando t\u00e9cnicas de terapia manual con\u00a0 las cuales lograremos relajar todas aquellas zonas, recuperando la\u00a0 funcionalidad muscular.<\/span><\/p>\n<p>&nbsp;<\/p>\n<p><b>Masaje Descontracturante\u00a0<\/b><\/p>\n<p><b>\u00a0$35.000\u00a0 (incluye evaluaci\u00f3n Kin\u00e9sica)<\/b><\/p>\n<p><b>-Masaje corporal superior: Cuello, espalda completa, pectorales hombros.<\/b><\/p>\n<p><b>-Masaje corporal inferior: piernas completas, pies.<\/b><\/p>\n","protected":false},"excerpt":{"rendered":"<p>Alivia la tensi\u00f3n muscular y restaura el equilibrio en tu cuerpo con nuestros masajes descontracturantes. Nuestros terapeutas expertos aplican t\u00e9cnicas especializadas para liberar nudos y tensiones, brind\u00e1ndote una sensaci\u00f3n de alivio y relajaci\u00f3n profunda.<\/p>\n","protected":false},"featured_media":1773,"comment_status":"open","ping_status":"closed","template":"","meta":{"site-sidebar-layout":"default","site-content-layout":"default","ast-global-header-display":"","ast-banner-title-visibility":"","ast-main-header-display":"","ast-hfb-above-header-display":"","ast-hfb-below-header-display":"","ast-hfb-mobile-header-display":"","site-post-title":"","ast-breadcrumbs-content":"","ast-featured-img":"","footer-sml-layout":"","theme-transparent-header-meta":"default","adv-header-id-meta":"","stick-header-meta":"","header-above-stick-meta":"","header-main-stick-meta":"","header-below-stick-meta":"","_joinchat":[]},"product_cat":[20],"product_tag":[],"class_list":{"0":"post-1501","1":"product","2":"type-product","3":"status-publish","4":"has-post-thumbnail","6":"product_cat-sin-categorizar","7":"desktop-align-left","8":"tablet-align-left","9":"mobile-align-left","11":"first","12":"instock","13":"sale","14":"shipping-taxable","15":"purchasable","16":"product-type-simple"},"_links":{"self":[{"href":"https:\/\/kdana.cl\/index.php\/wp-json\/wp\/v2\/product\/1501","targetHints":{"allow":["GET"]}}],"collection":[{"href":"https:\/\/kdana.cl\/index.php\/wp-json\/wp\/v2\/product"}],"about":[{"href":"https:\/\/kdana.cl\/index.php\/wp-json\/wp\/v2\/types\/product"}],"replies":[{"embeddable":true,"href":"https:\/\/kdana.cl\/index.php\/wp-json\/wp\/v2\/comments?post=1501"}],"wp:featuredmedia":[{"embeddable":true,"href":"https:\/\/kdana.cl\/index.php\/wp-json\/wp\/v2\/media\/1773"}],"wp:attachment":[{"href":"https:\/\/kdana.cl\/index.php\/wp-json\/wp\/v2\/media?parent=1501"}],"wp:term":[{"taxonomy":"product_cat","embeddable":true,"href":"https:\/\/kdana.cl\/index.php\/wp-json\/wp\/v2\/product_cat?post=1501"},{"taxonomy":"product_tag","embeddable":true,"href":"https:\/\/kdana.cl\/index.php\/wp-json\/wp\/v2\/product_tag?post=1501"}],"curies":[{"name":"wp","href":"https:\/\/api.w.org\/{rel}","templated":true}]}}