{"id":1504,"date":"2024-03-25T01:00:28","date_gmt":"2024-03-25T01:00:28","guid":{"rendered":"https:\/\/kdana.cl\/?post_type=product&#038;p=1504"},"modified":"2024-05-11T15:27:43","modified_gmt":"2024-05-11T15:27:43","slug":"lifting-de-parpado-desde","status":"publish","type":"product","link":"https:\/\/kdana.cl\/index.php\/producto\/lifting-de-parpado-desde\/","title":{"rendered":"Lifting de P\u00e1rpado"},"content":{"rendered":"<p><b>Lifting de P\u00e1rpado<\/b><b>\u00a0<\/b><\/p>\n<p><b>Es un tratamiento que se enfoca en la capa superficial de la piel provocando una micro quemadura controlada mediante energ\u00eda plasm\u00e1tica, generando la retracci\u00f3n del tejido a tratar.<\/b><\/p>\n<p><b>Se produce una peque\u00f1a costra puntiforme, que cae aproximadamente entre 5 a 7 d\u00edas; sin generar hematomas y\/o cicatrices.<\/b><\/p>\n<p><b>* Dirigido a personas con flacidez en P\u00e1rpado Superior e Inferior<\/b><\/p>\n<p><b>Promoci\u00f3n 3 sesiones por $99.900\u00a0<\/b><\/p>\n<p><b>Zona a elecci\u00f3n (P\u00e1rpado Superior \u00f3 inferior)<\/b><\/p>\n<p><b>* Beneficios<\/b><\/p>\n<p><b>Estimulaci\u00f3n para la formaci\u00f3n de col\u00e1geno y elastina en la zona tratada, dejando una piel m\u00e1s lisa y tersa<\/b><\/p>\n<p><b>*Duraci\u00f3n para tratamientos no invasivos\u00a0 hasta 1 a\u00f1o siendo necesario retocar seg\u00fan necesidad<\/b><\/p>\n","protected":false},"excerpt":{"rendered":"<p>Eleva tu mirada y restaura la juventud en tus ojos con nuestro tratamiento de lifting de p\u00e1rpado. Elimina el exceso de piel y las bolsas, revelando una apariencia m\u00e1s fresca y rejuvenecida. Descubre c\u00f3mo nuestros expertos pueden ayudarte a abrir tu mirada y a lucir m\u00e1s joven.<\/p>\n","protected":false},"featured_media":1765,"comment_status":"open","ping_status":"closed","template":"","meta":{"site-sidebar-layout":"default","site-content-layout":"default","ast-global-header-display":"","ast-banner-title-visibility":"","ast-main-header-display":"","ast-hfb-above-header-display":"","ast-hfb-below-header-display":"","ast-hfb-mobile-header-display":"","site-post-title":"","ast-breadcrumbs-content":"","ast-featured-img":"","footer-sml-layout":"","theme-transparent-header-meta":"default","adv-header-id-meta":"","stick-header-meta":"","header-above-stick-meta":"","header-main-stick-meta":"","header-below-stick-meta":"","_joinchat":[]},"product_cat":[20],"product_tag":[],"class_list":{"0":"post-1504","1":"product","2":"type-product","3":"status-publish","4":"has-post-thumbnail","6":"product_cat-sin-categorizar","7":"desktop-align-left","8":"tablet-align-left","9":"mobile-align-left","11":"first","12":"instock","13":"sale","14":"shipping-taxable","15":"purchasable","16":"product-type-simple"},"_links":{"self":[{"href":"https:\/\/kdana.cl\/index.php\/wp-json\/wp\/v2\/product\/1504","targetHints":{"allow":["GET"]}}],"collection":[{"href":"https:\/\/kdana.cl\/index.php\/wp-json\/wp\/v2\/product"}],"about":[{"href":"https:\/\/kdana.cl\/index.php\/wp-json\/wp\/v2\/types\/product"}],"replies":[{"embeddable":true,"href":"https:\/\/kdana.cl\/index.php\/wp-json\/wp\/v2\/comments?post=1504"}],"wp:featuredmedia":[{"embeddable":true,"href":"https:\/\/kdana.cl\/index.php\/wp-json\/wp\/v2\/media\/1765"}],"wp:attachment":[{"href":"https:\/\/kdana.cl\/index.php\/wp-json\/wp\/v2\/media?parent=1504"}],"wp:term":[{"taxonomy":"product_cat","embeddable":true,"href":"https:\/\/kdana.cl\/index.php\/wp-json\/wp\/v2\/product_cat?post=1504"},{"taxonomy":"product_tag","embeddable":true,"href":"https:\/\/kdana.cl\/index.php\/wp-json\/wp\/v2\/product_tag?post=1504"}],"curies":[{"name":"wp","href":"https:\/\/api.w.org\/{rel}","templated":true}]}}