{"id":1505,"date":"2024-03-25T01:03:40","date_gmt":"2024-03-25T01:03:40","guid":{"rendered":"https:\/\/kdana.cl\/?post_type=product&#038;p=1505"},"modified":"2024-05-11T15:27:09","modified_gmt":"2024-05-11T15:27:09","slug":"extraccion-de-acrocordones-desde","status":"publish","type":"product","link":"https:\/\/kdana.cl\/index.php\/producto\/extraccion-de-acrocordones-desde\/","title":{"rendered":"Extracci\u00f3n de Acrocordones"},"content":{"rendered":"<p><b>Extracci\u00f3n de Acrocordones<\/b><\/p>\n<p><b>\u00bfQu\u00e9 es es?<\/b><\/p>\n<p><b>Es una neoplasia benigna de la piel tambi\u00e9n llamada lunar de carne.\u00a0 Suele ser inofensiva, poco\u00a0 molesta y genera un problema est\u00e9tico.\u00a0<\/b><\/p>\n<p><b>\u00bfEn qu\u00e9 consiste?<\/b><\/p>\n<p><b>Se utiliza una t\u00e9cnica mediante cauterizaci\u00f3n.<\/b><\/p>\n<p><b>Duraci\u00f2n: 30 minutos aprox<\/b><\/p>\n<p><b>Dirigida a todo p\u00fablico.<\/b><\/p>\n<p><b>Desde\u00a0 $19.900<\/b><\/p>\n","protected":false},"excerpt":{"rendered":"<p>Desp\u00eddete de esos peque\u00f1os inconvenientes en tu piel con nuestro servicio de extracci\u00f3n de acrocordones. Con t\u00e9cnicas suaves y efectivas, te ayudamos a deshacerte de estas molestias de forma segura, brind\u00e1ndote una piel m\u00e1s suave y uniforme.<\/p>\n","protected":false},"featured_media":1766,"comment_status":"open","ping_status":"closed","template":"","meta":{"site-sidebar-layout":"default","site-content-layout":"default","ast-global-header-display":"","ast-banner-title-visibility":"","ast-main-header-display":"","ast-hfb-above-header-display":"","ast-hfb-below-header-display":"","ast-hfb-mobile-header-display":"","site-post-title":"","ast-breadcrumbs-content":"","ast-featured-img":"","footer-sml-layout":"","theme-transparent-header-meta":"default","adv-header-id-meta":"","stick-header-meta":"","header-above-stick-meta":"","header-main-stick-meta":"","header-below-stick-meta":"","_joinchat":[]},"product_cat":[20],"product_tag":[],"class_list":{"0":"post-1505","1":"product","2":"type-product","3":"status-publish","4":"has-post-thumbnail","6":"product_cat-sin-categorizar","7":"desktop-align-left","8":"tablet-align-left","9":"mobile-align-left","11":"first","12":"instock","13":"sale","14":"shipping-taxable","15":"purchasable","16":"product-type-simple"},"_links":{"self":[{"href":"https:\/\/kdana.cl\/index.php\/wp-json\/wp\/v2\/product\/1505","targetHints":{"allow":["GET"]}}],"collection":[{"href":"https:\/\/kdana.cl\/index.php\/wp-json\/wp\/v2\/product"}],"about":[{"href":"https:\/\/kdana.cl\/index.php\/wp-json\/wp\/v2\/types\/product"}],"replies":[{"embeddable":true,"href":"https:\/\/kdana.cl\/index.php\/wp-json\/wp\/v2\/comments?post=1505"}],"wp:featuredmedia":[{"embeddable":true,"href":"https:\/\/kdana.cl\/index.php\/wp-json\/wp\/v2\/media\/1766"}],"wp:attachment":[{"href":"https:\/\/kdana.cl\/index.php\/wp-json\/wp\/v2\/media?parent=1505"}],"wp:term":[{"taxonomy":"product_cat","embeddable":true,"href":"https:\/\/kdana.cl\/index.php\/wp-json\/wp\/v2\/product_cat?post=1505"},{"taxonomy":"product_tag","embeddable":true,"href":"https:\/\/kdana.cl\/index.php\/wp-json\/wp\/v2\/product_tag?post=1505"}],"curies":[{"name":"wp","href":"https:\/\/api.w.org\/{rel}","templated":true}]}}